{"id":6690,"date":"2025-05-05T18:07:21","date_gmt":"2025-05-05T22:07:21","guid":{"rendered":"https:\/\/ehibarbers.com\/ce-que-nous-faisons\/"},"modified":"2025-07-07T04:34:34","modified_gmt":"2025-07-07T08:34:34","slug":"ce-que-nous-faisons","status":"publish","type":"page","link":"https:\/\/ehibarbers.com\/fr\/ce-que-nous-faisons\/","title":{"rendered":"ce que nous faisons"},"content":{"rendered":"\t\t<div data-elementor-type=\"wp-page\" data-elementor-id=\"6690\" class=\"elementor elementor-6690 elementor-5771\">\n\t\t\t\t<div class=\"elementor-element elementor-element-1c7c83c e-flex e-con-boxed e-con e-parent\" data-id=\"1c7c83c\" data-element_type=\"container\" data-e-type=\"container\">\n\t\t\t\t\t<div class=\"e-con-inner\">\n\t\t\t\t<div class=\"elementor-element elementor-element-3fe368d elementor-widget elementor-widget-mkdf_info_section\" data-id=\"3fe368d\" data-element_type=\"widget\" data-e-type=\"widget\" data-widget_type=\"mkdf_info_section.default\">\n\t\t\t\t<div class=\"elementor-widget-container\">\n\t\t\t\t\t<div class=\"mkdf-info-section  mkdf-dark mkdf-center\">\n\n            <var class=\"mkdf-is-background-text\" style=\"font-size:225px\" id=\"mkdf-is-background-text-971\" >\n        Services        <\/var>\n    \n    <div class=\"mkdf-is-inner\" style=\"padding-top:112.5px;width:100%\">\n\n                    <h5 class=\"mkdf-is-subtitle\">\n            RESERVE YOUR SEAT IN 3 EASY STEPS            <\/h5>\n        \n                    <h2 class=\"mkdf-is-title\">\n            BOOK NOW            <\/h2>\n        \n        \n        \n    <\/div>\n<\/div>\t\t\t\t<\/div>\n\t\t\t\t<\/div>\n\t\t\t\t<div class=\"elementor-element elementor-element-1f86614 elementor-widget elementor-widget-text-editor\" data-id=\"1f86614\" data-element_type=\"widget\" data-e-type=\"widget\" data-widget_type=\"text-editor.default\">\n\t\t\t\t<div class=\"elementor-widget-container\">\n\t\t\t\t\t\t\t\t\t<p class=\"\" data-start=\"289\" data-end=\"511\">Chez EHI Barbers &amp; Salon, nous ne nous contentons pas de coiffer, nous prenons soin des couronnes. Que vous soyez ici pour une d\u00e9coloration nette, des tresses protectrices ou un nouveau d\u00e9part avec des locs, nous avons les comp\u00e9tences, l&rsquo;ambiance et le respect que vos cheveux m\u00e9ritent. <\/p>\t\t\t\t\t\t\t\t<\/div>\n\t\t\t\t<\/div>\n\t\t\t\t<div class=\"elementor-element elementor-element-2685df2 elementor-widget elementor-widget-mkdf_services_list\" data-id=\"2685df2\" data-element_type=\"widget\" data-e-type=\"widget\" data-widget_type=\"mkdf_services_list.default\">\n\t\t\t\t<div class=\"elementor-widget-container\">\n\t\t\t\t\t<div class=\"mkdf-bsl-holder  \"><p>Sorry, no menu items matched your criteria.<\/p><\/div>\t\t\t\t<\/div>\n\t\t\t\t<\/div>\n\t\t\t\t\t<\/div>\n\t\t\t\t<\/div>\n\t\t<div class=\"elementor-element elementor-element-c5bcd24 e-flex e-con-boxed e-con e-parent\" data-id=\"c5bcd24\" data-element_type=\"container\" data-e-type=\"container\">\n\t\t\t\t\t<div class=\"e-con-inner\">\n\t\t\t\t\t<\/div>\n\t\t\t\t<\/div>\n\t\t<div class=\"elementor-element elementor-element-edde6b1 e-flex e-con-boxed e-con e-parent\" data-id=\"edde6b1\" data-element_type=\"container\" data-e-type=\"container\">\n\t\t\t\t\t<div class=\"e-con-inner\">\n\t\t\t\t<div class=\"elementor-element elementor-element-0ed408f elementor-align-center elementor-widget elementor-widget-button\" data-id=\"0ed408f\" data-element_type=\"widget\" data-e-type=\"widget\" data-widget_type=\"button.default\">\n\t\t\t\t<div class=\"elementor-widget-container\">\n\t\t\t\t\t\t\t\t\t<div class=\"elementor-button-wrapper\">\n\t\t\t\t\t<a class=\"elementor-button elementor-button-link elementor-size-sm\" href=\"https:\/\/ehibarbers.com\/fr\/book-appointment\/\">\n\t\t\t\t\t\t<span class=\"elementor-button-content-wrapper\">\n\t\t\t\t\t\t<span class=\"elementor-button-icon\">\n\t\t\t\t<svg aria-hidden=\"true\" class=\"e-font-icon-svg e-far-calendar-alt\" viewBox=\"0 0 448 512\" xmlns=\"http:\/\/www.w3.org\/2000\/svg\"><path d=\"M148 288h-40c-6.6 0-12-5.4-12-12v-40c0-6.6 5.4-12 12-12h40c6.6 0 12 5.4 12 12v40c0 6.6-5.4 12-12 12zm108-12v-40c0-6.6-5.4-12-12-12h-40c-6.6 0-12 5.4-12 12v40c0 6.6 5.4 12 12 12h40c6.6 0 12-5.4 12-12zm96 0v-40c0-6.6-5.4-12-12-12h-40c-6.6 0-12 5.4-12 12v40c0 6.6 5.4 12 12 12h40c6.6 0 12-5.4 12-12zm-96 96v-40c0-6.6-5.4-12-12-12h-40c-6.6 0-12 5.4-12 12v40c0 6.6 5.4 12 12 12h40c6.6 0 12-5.4 12-12zm-96 0v-40c0-6.6-5.4-12-12-12h-40c-6.6 0-12 5.4-12 12v40c0 6.6 5.4 12 12 12h40c6.6 0 12-5.4 12-12zm192 0v-40c0-6.6-5.4-12-12-12h-40c-6.6 0-12 5.4-12 12v40c0 6.6 5.4 12 12 12h40c6.6 0 12-5.4 12-12zm96-260v352c0 26.5-21.5 48-48 48H48c-26.5 0-48-21.5-48-48V112c0-26.5 21.5-48 48-48h48V12c0-6.6 5.4-12 12-12h40c6.6 0 12 5.4 12 12v52h128V12c0-6.6 5.4-12 12-12h40c6.6 0 12 5.4 12 12v52h48c26.5 0 48 21.5 48 48zm-48 346V160H48v298c0 3.3 2.7 6 6 6h340c3.3 0 6-2.7 6-6z\"><\/path><\/svg>\t\t\t<\/span>\n\t\t\t\t\t\t\t\t\t<span class=\"elementor-button-text\">COMMENCEZ L'EXP\u00c9RIENCE  <\/span>\n\t\t\t\t\t<\/span>\n\t\t\t\t\t<\/a>\n\t\t\t\t<\/div>\n\t\t\t\t\t\t\t\t<\/div>\n\t\t\t\t<\/div>\n\t\t\t\t\t<\/div>\n\t\t\t\t<\/div>\n\t\t\t\t<\/div>\n\t\t","protected":false},"excerpt":{"rendered":"<p>Services RESERVE YOUR SEAT IN 3 EASY STEPS BOOK NOW Chez EHI Barbers &amp; Salon, nous ne nous contentons pas de coiffer, nous prenons soin des couronnes. Que vous soyez ici pour une d\u00e9coloration nette, des tresses protectrices ou un [&hellip;]<\/p>\n","protected":false},"author":1,"featured_media":0,"parent":0,"menu_order":0,"comment_status":"closed","ping_status":"closed","template":"","meta":{"footnotes":""},"class_list":["post-6690","page","type-page","status-publish","hentry"],"_links":{"self":[{"href":"https:\/\/ehibarbers.com\/fr\/wp-json\/wp\/v2\/pages\/6690","targetHints":{"allow":["GET"]}}],"collection":[{"href":"https:\/\/ehibarbers.com\/fr\/wp-json\/wp\/v2\/pages"}],"about":[{"href":"https:\/\/ehibarbers.com\/fr\/wp-json\/wp\/v2\/types\/page"}],"author":[{"embeddable":true,"href":"https:\/\/ehibarbers.com\/fr\/wp-json\/wp\/v2\/users\/1"}],"replies":[{"embeddable":true,"href":"https:\/\/ehibarbers.com\/fr\/wp-json\/wp\/v2\/comments?post=6690"}],"version-history":[{"count":1,"href":"https:\/\/ehibarbers.com\/fr\/wp-json\/wp\/v2\/pages\/6690\/revisions"}],"predecessor-version":[{"id":6691,"href":"https:\/\/ehibarbers.com\/fr\/wp-json\/wp\/v2\/pages\/6690\/revisions\/6691"}],"wp:attachment":[{"href":"https:\/\/ehibarbers.com\/fr\/wp-json\/wp\/v2\/media?parent=6690"}],"curies":[{"name":"wp","href":"https:\/\/api.w.org\/{rel}","templated":true}]}}